{"id":542,"date":"2024-03-27T12:58:00","date_gmt":"2024-03-27T17:58:00","guid":{"rendered":"https:\/\/glampingexperiencecol.com\/?post_type=product&#038;p=542"},"modified":"2024-04-13T15:13:19","modified_gmt":"2024-04-13T20:13:19","slug":"plan-aventura-extrema","status":"publish","type":"product","link":"https:\/\/glampingexperiencecol.com\/en\/product\/plan-aventura-extrema\/","title":{"rendered":"EXTREME ADVENTURE PLAN"},"content":{"rendered":"<p>&nbsp;<\/p>\n<ul>\n<li style=\"font-weight: 400;\" aria-level=\"1\"><span style=\"font-weight: 400;\">Waterfall torrentism (35 mt)<\/span><\/li>\n<li style=\"font-weight: 400;\" aria-level=\"1\"><span style=\"font-weight: 400;\">Rapelling<\/span><\/li>\n<li style=\"font-weight: 400;\" aria-level=\"1\"><span style=\"font-weight: 400;\">Alternative sports \u2013 Adventure<\/span><\/li>\n<li style=\"font-weight: 400;\" aria-level=\"1\"><span style=\"font-weight: 400;\">High or medium impact Hiking<\/span><\/li>\n<li style=\"font-weight: 400;\" aria-level=\"1\"><span style=\"font-weight: 400;\">Ecological coexistence<\/span><\/li>\n<li style=\"font-weight: 400;\" aria-level=\"1\"><span style=\"font-weight: 400;\">All risk policy<\/span><\/li>\n<li style=\"font-weight: 400;\" aria-level=\"1\"><span style=\"font-weight: 400;\">5% discount for groups of ten\n  people or more<\/span><\/li>\n<li style=\"font-weight: 400;\" aria-level=\"1\"><span style=\"font-weight: 400;\">Refreshment.<\/span><\/li>\n<\/ul>\n<p>&nbsp;<\/p>\n<p><b>COSTO:$80,000 COP<\/b><\/p>\n<p>&nbsp;<\/p>\n<p><a href=\"https:\/\/glampingexperiencecol.com\/en\/601-2\/\"><img loading=\"lazy\" decoding=\"async\" class=\"alignnone size-full wp-image-623 aligncenter\" src=\"https:\/\/glampingexperiencecol.com\/wp-content\/uploads\/2024\/03\/re.png\" alt=\"\" width=\"163\" height=\"107\" srcset=\"https:\/\/glampingexperiencecol.com\/wp-content\/uploads\/2024\/03\/re.png 163w, https:\/\/glampingexperiencecol.com\/wp-content\/uploads\/2024\/03\/re-18x12.png 18w\" sizes=\"auto, (max-width: 163px) 100vw, 163px\" \/><\/a><\/p>","protected":false},"excerpt":{"rendered":"<p>&nbsp; Torrentismo en cascada de 35 mts R\u00e1pel Deporte alternativo \u2013 Juegos de aventura Senderismo de mediano o alto impacto Convivencia ecol\u00f3gica P\u00f3liza todo riesgo Descuento del 5% a grupos de 10 personas o m\u00e1s Refrigerio &nbsp; COSTO:$80,000 COP &nbsp;<\/p>","protected":false},"featured_media":359,"comment_status":"closed","ping_status":"closed","template":"","meta":{"_regular_price":[],"currency_symbol":[]},"product_brand":[],"product_cat":[18],"product_tag":[],"class_list":{"0":"post-542","1":"product","2":"type-product","3":"status-publish","4":"has-post-thumbnail","6":"product_cat-uncategorized","8":"first","9":"instock","10":"virtual","11":"product-type-simple"},"post_slider_layout_featured_media_urls":{"thumbnail":["https:\/\/glampingexperiencecol.com\/wp-content\/uploads\/2024\/03\/b82a9c73-41c1-4fde-851f-c0810102cce0-150x150.webp",150,150,true],"post_slider_layout_landscape_large":["https:\/\/glampingexperiencecol.com\/wp-content\/uploads\/2024\/03\/b82a9c73-41c1-4fde-851f-c0810102cce0-1200x800.webp",1200,800,true],"post_slider_layout_portrait_large":["https:\/\/glampingexperiencecol.com\/wp-content\/uploads\/2024\/03\/b82a9c73-41c1-4fde-851f-c0810102cce0-1200x1800.webp",1200,1800,true],"post_slider_layout_square_large":["https:\/\/glampingexperiencecol.com\/wp-content\/uploads\/2024\/03\/b82a9c73-41c1-4fde-851f-c0810102cce0-1200x1200.webp",1200,1200,true],"post_slider_layout_landscape":["https:\/\/glampingexperiencecol.com\/wp-content\/uploads\/2024\/03\/b82a9c73-41c1-4fde-851f-c0810102cce0-600x400.webp",600,400,true],"post_slider_layout_portrait":["https:\/\/glampingexperiencecol.com\/wp-content\/uploads\/2024\/03\/b82a9c73-41c1-4fde-851f-c0810102cce0-600x900.webp",600,900,true],"post_slider_layout_square":["https:\/\/glampingexperiencecol.com\/wp-content\/uploads\/2024\/03\/b82a9c73-41c1-4fde-851f-c0810102cce0-600x600.webp",600,600,true],"full":["https:\/\/glampingexperiencecol.com\/wp-content\/uploads\/2024\/03\/b82a9c73-41c1-4fde-851f-c0810102cce0.webp",1440,1920,false]},"_links":{"self":[{"href":"https:\/\/glampingexperiencecol.com\/en\/wp-json\/wp\/v2\/product\/542","targetHints":{"allow":["GET"]}}],"collection":[{"href":"https:\/\/glampingexperiencecol.com\/en\/wp-json\/wp\/v2\/product"}],"about":[{"href":"https:\/\/glampingexperiencecol.com\/en\/wp-json\/wp\/v2\/types\/product"}],"replies":[{"embeddable":true,"href":"https:\/\/glampingexperiencecol.com\/en\/wp-json\/wp\/v2\/comments?post=542"}],"wp:featuredmedia":[{"embeddable":true,"href":"https:\/\/glampingexperiencecol.com\/en\/wp-json\/wp\/v2\/media\/359"}],"wp:attachment":[{"href":"https:\/\/glampingexperiencecol.com\/en\/wp-json\/wp\/v2\/media?parent=542"}],"wp:term":[{"taxonomy":"product_brand","embeddable":true,"href":"https:\/\/glampingexperiencecol.com\/en\/wp-json\/wp\/v2\/product_brand?post=542"},{"taxonomy":"product_cat","embeddable":true,"href":"https:\/\/glampingexperiencecol.com\/en\/wp-json\/wp\/v2\/product_cat?post=542"},{"taxonomy":"product_tag","embeddable":true,"href":"https:\/\/glampingexperiencecol.com\/en\/wp-json\/wp\/v2\/product_tag?post=542"}],"curies":[{"name":"wp","href":"https:\/\/api.w.org\/{rel}","templated":true}]}}