{"id":540,"date":"2024-03-27T12:55:46","date_gmt":"2024-03-27T17:55:46","guid":{"rendered":"https:\/\/glampingexperiencecol.com\/?post_type=product&#038;p=540"},"modified":"2024-04-13T15:17:25","modified_gmt":"2024-04-13T20:17:25","slug":"plan-frailejon-2","status":"publish","type":"product","link":"https:\/\/glampingexperiencecol.com\/en\/product\/plan-frailejon-2\/","title":{"rendered":"FRAILEJ\u00d3N PLAN"},"content":{"rendered":"<ul>\n<li style=\"font-weight: 400;\" aria-level=\"1\"><span style=\"font-weight: 400;\">Ecological hiking<\/span><\/li>\n<li style=\"font-weight: 400;\" aria-level=\"1\"><span style=\"font-weight: 400;\">-Speleology in ancient caves<\/span><\/li>\n<li style=\"font-weight: 400;\" aria-level=\"1\"><span style=\"font-weight: 400;\">Nature connection activities<\/span><\/li>\n<li style=\"font-weight: 400;\" aria-level=\"1\"><span style=\"font-weight: 400;\">Sendero hist\u00f3rico en cementerio ind\u00edgena<\/span><\/li>\n<li style=\"font-weight: 400;\" aria-level=\"1\"><span style=\"font-weight: 400;\">Viewpoints and incredible landscapes<\/span><\/li>\n<li style=\"font-weight: 400;\" aria-level=\"1\"><span style=\"font-weight: 400;\">Ecological and historical learning<\/span><\/li>\n<li style=\"font-weight: 400;\" aria-level=\"1\"><span style=\"font-weight: 400;\">All risk policy<\/span><\/li>\n<li style=\"font-weight: 400;\" aria-level=\"1\"><span style=\"font-weight: 400;\">10% discount for groups of ten<\/span><\/li>\n<li style=\"font-weight: 400;\" aria-level=\"1\"><span style=\"font-weight: 400;\">0% discount for groups of ten people or more<\/span><\/li>\n<\/ul>\n<p><b>\u00a0\u00a0\u00a0\u00a0\u00a0<\/b><\/p>\n<p><b>COSTO:$70.900 COP<\/b><\/p>\n<p>&nbsp;<\/p>\n<p><a href=\"https:\/\/glampingexperiencecol.com\/en\/601-2\/\"><img loading=\"lazy\" decoding=\"async\" class=\"alignnone size-full wp-image-623 aligncenter\" src=\"https:\/\/glampingexperiencecol.com\/wp-content\/uploads\/2024\/03\/re.png\" alt=\"\" width=\"163\" height=\"107\" srcset=\"https:\/\/glampingexperiencecol.com\/wp-content\/uploads\/2024\/03\/re.png 163w, https:\/\/glampingexperiencecol.com\/wp-content\/uploads\/2024\/03\/re-18x12.png 18w\" sizes=\"auto, (max-width: 163px) 100vw, 163px\" \/><\/a><\/p>\n<p>&nbsp;<\/p>","protected":false},"excerpt":{"rendered":"<p>Senderismo ecol\u00f3gico Espeleolog\u00eda en cuevas y cavernas milenarias Actividades de conexi\u00f3n con la naturaleza Sendero hist\u00f3rico en cementerio ind\u00edgena Visita al bosque de niebla Convivencia ecol\u00f3gica en valle de frailejones P\u00f3liza todo riesgo Descuento del 10% a grupos de 10 personas o m\u00e1s Duraci\u00f3n del recorrido de 3 a 4 horas apr\u00f3ximadamente. \u00a0\u00a0\u00a0\u00a0\u00a0 COSTO:$70.900 COP &hellip; <\/p>\n<p class=\"link-more\"><a href=\"https:\/\/glampingexperiencecol.com\/en\/product\/plan-frailejon-2\/\" class=\"more-link\">Continue reading<span class=\"screen-reader-text\"> &#8220;PLAN FRAILEJ\u00d3N&#8221;<\/span><\/a><\/p>","protected":false},"featured_media":456,"comment_status":"closed","ping_status":"closed","template":"","meta":{"_regular_price":[],"currency_symbol":[]},"product_brand":[],"product_cat":[18],"product_tag":[],"class_list":{"0":"post-540","1":"product","2":"type-product","3":"status-publish","4":"has-post-thumbnail","6":"product_cat-uncategorized","8":"first","9":"instock","10":"shipping-taxable","11":"product-type-simple"},"post_slider_layout_featured_media_urls":{"thumbnail":["https:\/\/glampingexperiencecol.com\/wp-content\/uploads\/2024\/03\/6-150x150.png",150,150,true],"post_slider_layout_landscape_large":["https:\/\/glampingexperiencecol.com\/wp-content\/uploads\/2024\/03\/6-1200x800.png",1200,800,true],"post_slider_layout_portrait_large":["https:\/\/glampingexperiencecol.com\/wp-content\/uploads\/2024\/03\/6-1200x1800.png",1200,1800,true],"post_slider_layout_square_large":["https:\/\/glampingexperiencecol.com\/wp-content\/uploads\/2024\/03\/6-1200x1200.png",1200,1200,true],"post_slider_layout_landscape":["https:\/\/glampingexperiencecol.com\/wp-content\/uploads\/2024\/03\/6-600x400.png",600,400,true],"post_slider_layout_portrait":["https:\/\/glampingexperiencecol.com\/wp-content\/uploads\/2024\/03\/6-600x900.png",600,900,true],"post_slider_layout_square":["https:\/\/glampingexperiencecol.com\/wp-content\/uploads\/2024\/03\/6-600x600.png",600,600,true],"full":["https:\/\/glampingexperiencecol.com\/wp-content\/uploads\/2024\/03\/6.png",1440,1920,false]},"_links":{"self":[{"href":"https:\/\/glampingexperiencecol.com\/en\/wp-json\/wp\/v2\/product\/540","targetHints":{"allow":["GET"]}}],"collection":[{"href":"https:\/\/glampingexperiencecol.com\/en\/wp-json\/wp\/v2\/product"}],"about":[{"href":"https:\/\/glampingexperiencecol.com\/en\/wp-json\/wp\/v2\/types\/product"}],"replies":[{"embeddable":true,"href":"https:\/\/glampingexperiencecol.com\/en\/wp-json\/wp\/v2\/comments?post=540"}],"wp:featuredmedia":[{"embeddable":true,"href":"https:\/\/glampingexperiencecol.com\/en\/wp-json\/wp\/v2\/media\/456"}],"wp:attachment":[{"href":"https:\/\/glampingexperiencecol.com\/en\/wp-json\/wp\/v2\/media?parent=540"}],"wp:term":[{"taxonomy":"product_brand","embeddable":true,"href":"https:\/\/glampingexperiencecol.com\/en\/wp-json\/wp\/v2\/product_brand?post=540"},{"taxonomy":"product_cat","embeddable":true,"href":"https:\/\/glampingexperiencecol.com\/en\/wp-json\/wp\/v2\/product_cat?post=540"},{"taxonomy":"product_tag","embeddable":true,"href":"https:\/\/glampingexperiencecol.com\/en\/wp-json\/wp\/v2\/product_tag?post=540"}],"curies":[{"name":"wp","href":"https:\/\/api.w.org\/{rel}","templated":true}]}}