{"id":538,"date":"2024-03-27T12:53:45","date_gmt":"2024-03-27T17:53:45","guid":{"rendered":"https:\/\/glampingexperiencecol.com\/?post_type=product&#038;p=538"},"modified":"2024-04-16T14:30:46","modified_gmt":"2024-04-16T19:30:46","slug":"plan-aventurero-2","status":"publish","type":"product","link":"https:\/\/glampingexperiencecol.com\/en\/product\/plan-aventurero-2\/","title":{"rendered":"ADVENTURE PLAN"},"content":{"rendered":"<p>&nbsp;<\/p>\n<ul>\n<li style=\"font-weight: 400;\" aria-level=\"1\"><span style=\"font-weight: 400;\">Ecological hiking<\/span><\/li>\n<li style=\"font-weight: 400;\" aria-level=\"1\"><span style=\"font-weight: 400;\">Vuelo canopy<\/span><\/li>\n<li style=\"font-weight: 400;\" aria-level=\"1\"><span style=\"font-weight: 400;\">Boat ride in lake<\/span><\/li>\n<li style=\"font-weight: 400;\" aria-level=\"1\"><span style=\"font-weight: 400;\">Deporte alternativo \u2013 Juego de aventura<\/span><\/li>\n<li style=\"font-weight: 400;\" aria-level=\"1\"><span style=\"font-weight: 400;\">Ecological and historical learning<\/span><\/li>\n<li style=\"font-weight: 400;\" aria-level=\"1\"><span style=\"font-weight: 400;\">All risk policy<\/span><\/li>\n<li style=\"font-weight: 400;\" aria-level=\"1\"><span style=\"font-weight: 400;\">10% discount for groups of ten<\/span><\/li>\n<li style=\"font-weight: 400;\" aria-level=\"1\"><span style=\"font-weight: 400;\">Refreshment.<\/span><\/li>\n<\/ul>\n<p><span style=\"font-weight: 400;\">\u00a0\u00a0\u00a0\u00a0\u00a0<\/span><\/p>\n<p><b>COSTO: $84,900 COP<\/b><\/p>\n<p>&nbsp;<\/p>\n<p><a href=\"https:\/\/glampingexperiencecol.com\/en\/601-2\/\"><img loading=\"lazy\" decoding=\"async\" class=\"size-full wp-image-623 aligncenter\" src=\"https:\/\/glampingexperiencecol.com\/wp-content\/uploads\/2024\/03\/re.png\" alt=\"\" width=\"163\" height=\"107\" srcset=\"https:\/\/glampingexperiencecol.com\/wp-content\/uploads\/2024\/03\/re.png 163w, https:\/\/glampingexperiencecol.com\/wp-content\/uploads\/2024\/03\/re-18x12.png 18w\" sizes=\"auto, (max-width: 163px) 100vw, 163px\" \/><\/a><\/p>","protected":false},"excerpt":{"rendered":"<p>&nbsp; Senderismo ecol\u00f3gico Vuelo canopy Paseo en bote inflable en lago Deporte alternativo \u2013 Juego de aventura Aprendizaje ecol\u00f3gico e hist\u00f3rico P\u00f3liza todo riesgo deporte extremo Descuento del 10% a grupos de 10 personas o m\u00e1s Refrigerio \u00a0\u00a0\u00a0\u00a0\u00a0 COSTO: $84,900 COP &nbsp;<\/p>","protected":false},"featured_media":454,"comment_status":"closed","ping_status":"closed","template":"","meta":{"_regular_price":[],"currency_symbol":[]},"product_brand":[],"product_cat":[18],"product_tag":[],"class_list":{"0":"post-538","1":"product","2":"type-product","3":"status-publish","4":"has-post-thumbnail","6":"product_cat-uncategorized","8":"first","9":"instock","10":"virtual","11":"product-type-simple"},"post_slider_layout_featured_media_urls":{"thumbnail":["https:\/\/glampingexperiencecol.com\/wp-content\/uploads\/2024\/03\/4-150x150.png",150,150,true],"post_slider_layout_landscape_large":["https:\/\/glampingexperiencecol.com\/wp-content\/uploads\/2024\/03\/4-1200x800.png",1200,800,true],"post_slider_layout_portrait_large":["https:\/\/glampingexperiencecol.com\/wp-content\/uploads\/2024\/03\/4-1200x1800.png",1200,1800,true],"post_slider_layout_square_large":["https:\/\/glampingexperiencecol.com\/wp-content\/uploads\/2024\/03\/4-1200x1200.png",1200,1200,true],"post_slider_layout_landscape":["https:\/\/glampingexperiencecol.com\/wp-content\/uploads\/2024\/03\/4-600x400.png",600,400,true],"post_slider_layout_portrait":["https:\/\/glampingexperiencecol.com\/wp-content\/uploads\/2024\/03\/4-600x900.png",600,900,true],"post_slider_layout_square":["https:\/\/glampingexperiencecol.com\/wp-content\/uploads\/2024\/03\/4-600x600.png",600,600,true],"full":["https:\/\/glampingexperiencecol.com\/wp-content\/uploads\/2024\/03\/4.png",1440,1920,false]},"_links":{"self":[{"href":"https:\/\/glampingexperiencecol.com\/en\/wp-json\/wp\/v2\/product\/538","targetHints":{"allow":["GET"]}}],"collection":[{"href":"https:\/\/glampingexperiencecol.com\/en\/wp-json\/wp\/v2\/product"}],"about":[{"href":"https:\/\/glampingexperiencecol.com\/en\/wp-json\/wp\/v2\/types\/product"}],"replies":[{"embeddable":true,"href":"https:\/\/glampingexperiencecol.com\/en\/wp-json\/wp\/v2\/comments?post=538"}],"wp:featuredmedia":[{"embeddable":true,"href":"https:\/\/glampingexperiencecol.com\/en\/wp-json\/wp\/v2\/media\/454"}],"wp:attachment":[{"href":"https:\/\/glampingexperiencecol.com\/en\/wp-json\/wp\/v2\/media?parent=538"}],"wp:term":[{"taxonomy":"product_brand","embeddable":true,"href":"https:\/\/glampingexperiencecol.com\/en\/wp-json\/wp\/v2\/product_brand?post=538"},{"taxonomy":"product_cat","embeddable":true,"href":"https:\/\/glampingexperiencecol.com\/en\/wp-json\/wp\/v2\/product_cat?post=538"},{"taxonomy":"product_tag","embeddable":true,"href":"https:\/\/glampingexperiencecol.com\/en\/wp-json\/wp\/v2\/product_tag?post=538"}],"curies":[{"name":"wp","href":"https:\/\/api.w.org\/{rel}","templated":true}]}}